{"id":31,"date":"2023-04-24T14:12:29","date_gmt":"2023-04-24T12:12:29","guid":{"rendered":"https:\/\/aynrand.pro\/?page_id=31"},"modified":"2025-11-22T01:29:52","modified_gmt":"2025-11-22T00:29:52","slug":"31-2","status":"publish","type":"page","link":"https:\/\/aynrand.pro\/","title":{"rendered":""},"content":{"rendered":"\n<div class=\"wp-block-advgb-container advgb-blocks-container\">\n<div class=\"wp-block-advgb-container advgb-blocks-container\"><\/div>\n<\/div>\n\n\n\n<p><br><\/p>\n\n\n\n<p><\/p>\n\n\n\n<div class=\"wp-block-columns alignfull is-layout-flex wp-container-core-columns-is-layout-9d6595d7 wp-block-columns-is-layout-flex\">\n<div class=\"wp-block-column is-vertically-aligned-top uag-hide-tab uag-hide-mob is-layout-flow wp-block-column-is-layout-flow\" style=\"flex-basis:25%\"><\/div>\n\n\n\n<div class=\"wp-block-column is-vertically-aligned-center is-layout-flow wp-block-column-is-layout-flow\" style=\"flex-basis:50%\"><div class=\"wp-block-image\">\n<figure class=\"aligncenter size-full\"><img loading=\"lazy\" decoding=\"async\" width=\"1024\" height=\"1024\" src=\"https:\/\/aynrand.pro\/wp-content\/uploads\/2024\/01\/logo_ukr_style2-1-1024x1024_logo2-1.png\" alt=\"\" class=\"wp-image-597\" srcset=\"https:\/\/aynrand.pro\/wp-content\/uploads\/2024\/01\/logo_ukr_style2-1-1024x1024_logo2-1.png 1024w, https:\/\/aynrand.pro\/wp-content\/uploads\/2024\/01\/logo_ukr_style2-1-1024x1024_logo2-1-300x300.png 300w, https:\/\/aynrand.pro\/wp-content\/uploads\/2024\/01\/logo_ukr_style2-1-1024x1024_logo2-1-150x150.png 150w, https:\/\/aynrand.pro\/wp-content\/uploads\/2024\/01\/logo_ukr_style2-1-1024x1024_logo2-1-768x768.png 768w\" sizes=\"auto, (max-width: 1024px) 100vw, 1024px\" \/><\/figure>\n<\/div><\/div>\n\n\n\n<div class=\"wp-block-column is-vertically-aligned-top uag-hide-tab uag-hide-mob is-layout-flow wp-block-column-is-layout-flow\" style=\"flex-basis:25%\"><\/div>\n<\/div>\n\n\n\n<hr class=\"wp-block-separator has-text-color has-neve-link-color-color has-alpha-channel-opacity has-neve-link-color-background-color has-background is-style-wide\"\/>\n\n\n\n<div class=\"wp-block-columns is-layout-flex wp-container-core-columns-is-layout-9d6595d7 wp-block-columns-is-layout-flex\">\n<div class=\"wp-block-column is-vertically-aligned-center is-layout-flow wp-block-column-is-layout-flow\" style=\"flex-basis:66.66%\">\n<p class=\"has-neve-link-color-color has-text-color has-large-font-size\"><strong>AYN RAND &#8211; DIE PHILOSOPHIN DER INNOVATEURE, LEISTUNGSTR\u00c4GER &amp; NONKONFORMISTEN<\/strong><\/p>\n\n\n\n<p>Was verbindet die gro\u00dfen Unternehmer des Silicon Valley wie SpaceX-Gr\u00fcnder Elon Musk &amp; Paypal-Gr\u00fcnder Peter Thiel, mit ber\u00fchmten K\u00fcnstlern wie dem Comiczeichner Steven Ditko, den Star Trek Erfinder Gene Rottenberry und Musikern wie Rush-Musiker Neil Peart?<\/p>\n\n\n\n<p>Die Antwort ist die amerikanische Bestseller-Autorin und Philosophin Ayn Rand. Eine Denkerin, die in ihren philosophischen Romanen eine so einzigartige Weltanschauung des Individualismus, Rationalismus und Eigeninteresses entwirft, das allein die Nennung ihres Namens noch immer Freundschaften zerbrechen oder auch lebenslange Liebesbeziehungen entstehen l\u00e4sst.<\/p>\n\n\n\n<p>Und genau der Vermittlung und Erl\u00e4uterung dieser inspirierenden Philosophie f\u00fchlt sich die deutsche Ayn Rand Gesellschaft verpflichtet. Gerade, weil sie auch heute noch so messerscharf, so ungewohnt und so radikal ist, dass sie gleicherma\u00dfen ganze Leben inspirieren oder tiefen irrationalen Hass hervorrufen kann. <\/p>\n<\/div>\n\n\n\n<div class=\"wp-block-column is-layout-flow wp-block-column-is-layout-flow\" style=\"flex-basis:33.33%\">\n<figure class=\"wp-block-image size-large\"><img loading=\"lazy\" decoding=\"async\" width=\"683\" height=\"1024\" src=\"https:\/\/aynrand.pro\/wp-content\/uploads\/2024\/12\/ayn_rand_neu2b-683x1024.png\" alt=\"\" class=\"wp-image-716\" srcset=\"https:\/\/aynrand.pro\/wp-content\/uploads\/2024\/12\/ayn_rand_neu2b-683x1024.png 683w, https:\/\/aynrand.pro\/wp-content\/uploads\/2024\/12\/ayn_rand_neu2b-200x300.png 200w, https:\/\/aynrand.pro\/wp-content\/uploads\/2024\/12\/ayn_rand_neu2b-768x1152.png 768w, https:\/\/aynrand.pro\/wp-content\/uploads\/2024\/12\/ayn_rand_neu2b.png 1000w\" sizes=\"auto, (max-width: 683px) 100vw, 683px\" \/><\/figure>\n<\/div>\n<\/div>\n\n\n\n<p><\/p>\n\n\n\n<div class=\"wp-block-essential-blocks-wrapper  root-eb-wrapper-ryl7b9p coblocks-animate\" data-coblocks-animation=\"fadeIn\"><div class=\"eb-parent-wrapper eb-parent-eb-wrapper-ryl7b9p \"><div class=\"eb-wrapper-outer eb-wrapper-ryl7b9p\"><div class=\"eb-wrapper-inner\"><div class=\"eb-wrapper-inner-blocks eb-wrapper-align-center\">\n<hr class=\"wp-block-separator has-text-color has-nv-site-bg-color has-alpha-channel-opacity has-nv-site-bg-background-color has-background is-style-wide\"\/>\n\n\n\n<p class=\"has-text-align-left has-nv-site-bg-color has-text-color has-large-font-size\"><strong>WAS IST OBJEKTIVISMUS?<\/strong><\/p>\n\n\n\n<blockquote class=\"wp-block-quote is-style-default has-nv-site-bg-color has-text-color is-layout-flow wp-block-quote-is-layout-flow\" style=\"font-style:normal;font-weight:600;color:var(--nv-site-bg)\">\n<p class=\"has-nv-site-bg-color has-text-color has-medium-font-size\">\u00ab<em>Der Kern meiner Philosophie lautet: Der Mensch ist ein heroisches Wesen. Sein eigenes Gl\u00fcck ist der moralische Zweck seines Lebens, produktive Leistung ist seine edelste Aktivit\u00e4t und Rationalit\u00e4t seine einzige Richtschnur.<\/em>\u00bb<\/p>\n<cite>Ayn Rand<\/cite><\/blockquote>\n\n\n\n<p class=\"has-nv-site-bg-color has-text-color\">Warum sind so viele Menschen ungl\u00fccklich? Und warum w\u00e4hlen so viele Menschen ein Leben in best\u00e4ndiger diffuser Angst &amp; innerer Unsicherheit? Und, wie w\u00fcrde der perfekte Mensch aussehen? Dies sind die Fragen, die Ayn Rand bei ihrer philosophischen Suche antrieben. Ihre Antwort war radikal: Nicht \u00e4u\u00dfere Umst\u00e4nde sind der Grund f\u00fcr einen Gro\u00dfteil menschlichen Ungl\u00fccks, sondern eine fundamental falsche Philosophie. <\/p>\n\n\n\n<p class=\"has-nv-site-bg-color has-text-color\">Eine Philosophie der Selbstaufopferung, des Altruismus, begr\u00fcndet entweder auf dem Anspruch &#8222;praktisch&#8220; zu sein, oder auf mystischen und irrationalen Grundlagen. Dieser Philosophie stellte Ayn Rand den Objektivismus entgegen. Eine Philosophie, die objektiv angemessen ist f\u00fcr das Leben als Mensch und damit als individuelles und gl\u00fccksuchendes Vernunftwesen.<\/p>\n\n\n\n<div class=\"wp-block-buttons is-content-justification-left is-layout-flex wp-container-core-buttons-is-layout-fdcfc74e wp-block-buttons-is-layout-flex\">\n<div class=\"wp-block-button is-style-outline is-style-outline--1\"><a class=\"wp-block-button__link has-neve-text-color-color has-nv-site-bg-background-color has-text-color has-background wp-element-button\" href=\"https:\/\/aynrand.pro\/index.php\/objektivismus\/\">Mehr \u00fcber den Objektivismus erfahren<\/a><\/div>\n<\/div>\n\n\n\n<p><\/p>\n<\/div><\/div><\/div><\/div><\/div>\n\n\n\n<p><br><\/p>\n\n\n\n<hr class=\"wp-block-separator has-text-color has-neve-link-color-color has-alpha-channel-opacity has-neve-link-color-background-color has-background is-style-wide\"\/>\n\n\n\n<p class=\"has-neve-link-color-color has-text-color has-large-font-size\"><strong>DIE AYN RAND GESELLSCHAFT<\/strong><\/p>\n\n\n\n<div class=\"wp-block-columns is-layout-flex wp-container-core-columns-is-layout-9d6595d7 wp-block-columns-is-layout-flex\">\n<div class=\"wp-block-column is-vertically-aligned-top is-layout-flow wp-block-column-is-layout-flow\" style=\"flex-basis:33.33%\">\n<figure class=\"wp-block-image size-large\"><img loading=\"lazy\" decoding=\"async\" width=\"1024\" height=\"1024\" src=\"https:\/\/aynrand.pro\/wp-content\/uploads\/2023\/05\/LRDollarPunky44-1024x1024.png\" alt=\"\" class=\"wp-image-346\" srcset=\"https:\/\/aynrand.pro\/wp-content\/uploads\/2023\/05\/LRDollarPunky44-1024x1024.png 1024w, https:\/\/aynrand.pro\/wp-content\/uploads\/2023\/05\/LRDollarPunky44-300x300.png 300w, https:\/\/aynrand.pro\/wp-content\/uploads\/2023\/05\/LRDollarPunky44-150x150.png 150w, https:\/\/aynrand.pro\/wp-content\/uploads\/2023\/05\/LRDollarPunky44-768x767.png 768w, https:\/\/aynrand.pro\/wp-content\/uploads\/2023\/05\/LRDollarPunky44-1536x1536.png 1536w, https:\/\/aynrand.pro\/wp-content\/uploads\/2023\/05\/LRDollarPunky44-2048x2046.png 2048w\" sizes=\"auto, (max-width: 1024px) 100vw, 1024px\" \/><\/figure>\n<\/div>\n\n\n\n<div class=\"wp-block-column is-vertically-aligned-top is-layout-flow wp-block-column-is-layout-flow\" style=\"flex-basis:66.66%\">\n<p>Die Ayn Rand Gesellschaft ist ein 2023 gegr\u00fcndeter Verein. Wir haben uns zum Ziel gesetzt, das in Deutschland quasi unbekannte Werk Ayn Rands bekannter zu machen. Dies gilt ganz besonders f\u00fcr ihre radikal freiheitliche und individualistische Ethik, die in einem fundamentalen Gegensatz zum Gro\u00dfteil der deutschen Philosophen stehen. Das gilt aber auch f\u00fcr ihre originellen Antworten zu vielen Bereichen der Philosophie, wie etwa der \u00c4sthetik oder ihre einzigartige L\u00f6sung des Sein-Sollen-Dilemmas.<\/p>\n\n\n\n<p>Zu diesem Zweck veranstalten wir Seminare, organisieren Lesekreise, schicken Speaker auf Events &amp; organisieren alle zwei Jahre die deutsche Ayn Rand Konferenz. Zudem kooperieren wir mit zahlreichen Partnern, die ebenfalls ein gro\u00dfes Interesse am Objektivismus zeigen.<br><\/p>\n\n\n\n<div class=\"wp-block-buttons is-layout-flex wp-block-buttons-is-layout-flex\">\n<div class=\"wp-block-button is-style-outline is-style-outline--2\"><a class=\"wp-block-button__link has-nv-site-bg-color has-neve-link-color-background-color has-text-color has-background wp-element-button\" href=\"https:\/\/aynrand.pro\/index.php\/blog\/\">Unsere Aktivit\u00e4ten<\/a><\/div>\n\n\n\n<div class=\"wp-block-button is-style-outline is-style-outline--3\"><a class=\"wp-block-button__link has-nv-site-bg-color has-neve-link-color-background-color has-text-color has-background wp-element-button\" href=\"https:\/\/aynrand.pro\/index.php\/unsere-speaker-experten\/\">Speaker anfragen<\/a><\/div>\n\n\n\n<div class=\"wp-block-button is-style-outline is-style-outline--4\"><a class=\"wp-block-button__link has-nv-site-bg-color has-neve-link-color-background-color has-text-color has-background wp-element-button\">Partner<\/a><\/div>\n<\/div>\n<\/div>\n<\/div>\n\n\n\n<p><br><br><br><br><\/p>\n","protected":false},"excerpt":{"rendered":"<p>AYN RAND &#8211; DIE PHILOSOPHIN DER INNOVATEURE, LEISTUNGSTR\u00c4GER &amp; NONKONFORMISTEN Was verbindet die gro\u00dfen Unternehmer des Silicon Valley wie SpaceX-Gr\u00fcnder Elon Musk &amp; Paypal-Gr\u00fcnder Peter Thiel, mit ber\u00fchmten K\u00fcnstlern wie dem Comiczeichner Steven Ditko, den Star Trek Erfinder Gene Rottenberry und Musikern wie Rush-Musiker Neil Peart? Die Antwort ist die amerikanische Bestseller-Autorin und Philosophin Ayn&hellip;&nbsp;<a href=\"https:\/\/aynrand.pro\/\" class=\"\" rel=\"bookmark\">Weiterlesen &raquo;<span class=\"screen-reader-text\"><\/span><\/a><\/p>\n","protected":false},"author":1,"featured_media":0,"parent":0,"menu_order":0,"comment_status":"closed","ping_status":"closed","template":"","meta":{"_coblocks_attr":"","_coblocks_dimensions":"","_coblocks_responsive_height":"","_coblocks_accordion_ie_support":"","_eb_attr":"","_uag_custom_page_level_css":"","advgb_blocks_editor_width":"","advgb_blocks_columns_visual_guide":"","neve_meta_sidebar":"","neve_meta_container":"","neve_meta_enable_content_width":"","neve_meta_content_width":0,"neve_meta_title_alignment":"","neve_meta_author_avatar":"","neve_post_elements_order":"","neve_meta_disable_header":"off","neve_meta_disable_footer":"","neve_meta_disable_title":"on","footnotes":""},"class_list":["post-31","page","type-page","status-publish","hentry"],"aioseo_notices":[],"featured_image_src":null,"uagb_featured_image_src":{"full":false,"thumbnail":false,"medium":false,"medium_large":false,"large":false,"1536x1536":false,"2048x2048":false,"neve-blog":false},"uagb_author_info":{"display_name":"admin","author_link":"https:\/\/aynrand.pro\/index.php\/author\/admin\/"},"uagb_comment_info":0,"uagb_excerpt":"AYN RAND &#8211; DIE PHILOSOPHIN DER INNOVATEURE, LEISTUNGSTR\u00c4GER &amp; NONKONFORMISTEN Was verbindet die gro\u00dfen Unternehmer des Silicon Valley wie SpaceX-Gr\u00fcnder Elon Musk &amp; Paypal-Gr\u00fcnder Peter Thiel, mit ber\u00fchmten K\u00fcnstlern wie dem Comiczeichner Steven Ditko, den Star Trek Erfinder Gene Rottenberry und Musikern wie Rush-Musiker Neil Peart? Die Antwort ist die amerikanische Bestseller-Autorin und Philosophin Ayn&hellip;&nbsp;Weiterlesen&hellip;","coauthors":[],"author_meta":{"author_link":"https:\/\/aynrand.pro\/index.php\/author\/admin\/","display_name":"admin"},"relative_dates":{"created":"Posted 3\u00a0Jahren ago","modified":"Updated 4\u00a0Monaten ago"},"absolute_dates":{"created":"Posted on 24. April 2023","modified":"Updated on 22. November 2025"},"absolute_dates_time":{"created":"Posted on 24. April 2023 14:12","modified":"Updated on 22. November 2025 1:29"},"featured_img_caption":"","featured_img":false,"series_order":"","_links":{"self":[{"href":"https:\/\/aynrand.pro\/index.php\/wp-json\/wp\/v2\/pages\/31","targetHints":{"allow":["GET"]}}],"collection":[{"href":"https:\/\/aynrand.pro\/index.php\/wp-json\/wp\/v2\/pages"}],"about":[{"href":"https:\/\/aynrand.pro\/index.php\/wp-json\/wp\/v2\/types\/page"}],"author":[{"embeddable":true,"href":"https:\/\/aynrand.pro\/index.php\/wp-json\/wp\/v2\/users\/1"}],"replies":[{"embeddable":true,"href":"https:\/\/aynrand.pro\/index.php\/wp-json\/wp\/v2\/comments?post=31"}],"version-history":[{"count":117,"href":"https:\/\/aynrand.pro\/index.php\/wp-json\/wp\/v2\/pages\/31\/revisions"}],"predecessor-version":[{"id":754,"href":"https:\/\/aynrand.pro\/index.php\/wp-json\/wp\/v2\/pages\/31\/revisions\/754"}],"wp:attachment":[{"href":"https:\/\/aynrand.pro\/index.php\/wp-json\/wp\/v2\/media?parent=31"}],"curies":[{"name":"wp","href":"https:\/\/api.w.org\/{rel}","templated":true}]}}