{"id":461,"date":"2023-09-10T21:51:04","date_gmt":"2023-09-10T19:51:04","guid":{"rendered":"https:\/\/aynrand.pro\/?page_id=461"},"modified":"2024-09-03T20:31:29","modified_gmt":"2024-09-03T18:31:29","slug":"fuer-objektivisten","status":"publish","type":"page","link":"https:\/\/aynrand.pro\/index.php\/fuer-objektivisten\/","title":{"rendered":"F\u00dcR OBJEKTIVISTEN"},"content":{"rendered":"\n<hr class=\"wp-block-separator has-text-color has-neve-text-color-color has-alpha-channel-opacity has-neve-text-color-background-color has-background is-style-wide\"\/>\n\n\n\n<figure class=\"wp-block-image size-full coblocks-animate\" data-coblocks-animation=\"fadeIn\"><img loading=\"lazy\" decoding=\"async\" width=\"2000\" height=\"710\" src=\"https:\/\/aynrand.pro\/wp-content\/uploads\/2023\/09\/banner_obj_kleiner.png\" alt=\"\" class=\"wp-image-511\" srcset=\"https:\/\/aynrand.pro\/wp-content\/uploads\/2023\/09\/banner_obj_kleiner.png 2000w, https:\/\/aynrand.pro\/wp-content\/uploads\/2023\/09\/banner_obj_kleiner-300x107.png 300w, https:\/\/aynrand.pro\/wp-content\/uploads\/2023\/09\/banner_obj_kleiner-1024x364.png 1024w, https:\/\/aynrand.pro\/wp-content\/uploads\/2023\/09\/banner_obj_kleiner-768x273.png 768w, https:\/\/aynrand.pro\/wp-content\/uploads\/2023\/09\/banner_obj_kleiner-1536x545.png 1536w\" sizes=\"auto, (max-width: 2000px) 100vw, 2000px\" \/><\/figure>\n\n\n\n<p class=\"has-x-large-font-size uag-hide-mob\"><br><strong>F\u00dcR OBJEKTIVISTEN<\/strong><\/p>\n\n\n\n<p class=\"has-large-font-size uag-hide-desktop uag-hide-tab\"><br><strong>F\u00dcR OBJEKTIVISTEN<\/strong><\/p>\n\n\n\n<p>Ayn Rand ist in Deutschland bislang noch sehr wenig bekannt, Gelgenheiten zum Austausch sind rar ges\u00e4t. Daher ist es ein zentrales Ziel der Ayn Rand Gesellschaft eine lebendige, inspirierende und vernetzte objektivistische Gemeinschaft in Deutschland aufzubauen. Wir m\u00f6chten Euch einladen hierbei mitzuhelfen &#8211; und zwar ganz gleich ob ihr Euch schon seit vielen Jahren mit dem Objektivismus besch\u00e4ftigt, oder ob ihr vielleicht gerade erst angefangen habt mit Ayn Rand &amp; ihren bahnbrechenden Gedanken zu besch\u00e4ftigen.<\/p>\n\n\n\n<p>Hierbei wollen wir in mehreren deutschen St\u00e4dten regelm\u00e4\u00dfige lokale Treffen etablieren, bei denen sich Objektivisten austauschen k\u00f6nnen und die mittelfristig auch Vortr\u00e4ge organisieren, um noch mehr Menschen den Objektivismus n\u00e4her zu bringen. Wenn auch Sie Interesse daran haben, sich vielleicht sogar selbst als Organisator, ehrenamtlicher Helfer oder Experte einbringen wollen, so nehmen Sie sich bitte einen kleinen Moment um unser Kontaktformular auszuf\u00fcllen:<br><\/p>\n\n\n\n<div class=\"forminator-guttenberg\"><div class=\"forminator-ui forminator-custom-form forminator-custom-form-444 forminator-design--flat  forminator_ajax\" data-forminator-render=\"0\" data-form=\"forminator-module-444\" data-uid=\"69f9f7a83394d\"><br\/><\/div><form\n\t\t\t\tid=\"forminator-module-444\"\n\t\t\t\tclass=\"forminator-ui forminator-custom-form forminator-custom-form-444 forminator-design--flat  forminator_ajax\"\n\t\t\t\tmethod=\"post\"\n\t\t\t\tdata-forminator-render=\"0\"\n\t\t\t\tdata-form-id=\"444\"\n\t\t\t\t data-color-option=\"default\" data-design=\"flat\" data-grid=\"open\" style=\"display: none;\"\n\t\t\t\tdata-uid=\"69f9f7a83394d\"\n\t\t\t><div role=\"alert\" aria-live=\"polite\" class=\"forminator-response-message forminator-error\" aria-hidden=\"true\"><\/div><div class=\"forminator-row\"><div id=\"name-2\" class=\"forminator-field-name forminator-col forminator-col-12 \"><div class=\"forminator-field\"><label for=\"forminator-field-name-2_69f9f7a83394d\" id=\"forminator-field-name-2_69f9f7a83394d-label\" class=\"forminator-label\">Name <span class=\"forminator-required\">*<\/span><\/label><input type=\"text\" name=\"name-2\" value=\"\" placeholder=\"z. B. Max Mustermann\" id=\"forminator-field-name-2_69f9f7a83394d\" class=\"forminator-input forminator-name--field\" aria-required=\"true\" autocomplete=\"name\" \/><\/div><\/div><\/div><div class=\"forminator-row\"><div id=\"email-1\" class=\"forminator-field-email forminator-col forminator-col-12 \"><div class=\"forminator-field\"><label for=\"forminator-field-email-1_69f9f7a83394d\" id=\"forminator-field-email-1_69f9f7a83394d-label\" class=\"forminator-label\">E-Mail-Adresse <span class=\"forminator-required\">*<\/span><\/label><input type=\"email\" name=\"email-1\" value=\"\" placeholder=\"z. B. max@mustermann.de\" id=\"forminator-field-email-1_69f9f7a83394d\" class=\"forminator-input forminator-email--field\" data-required=\"1\" aria-required=\"true\" autocomplete=\"email\" \/><\/div><\/div><\/div><div class=\"forminator-row\"><div id=\"phone-1\" class=\"forminator-field-phone forminator-col forminator-col-12 \"><div class=\"forminator-field\"><label for=\"forminator-field-phone-1_69f9f7a83394d\" id=\"forminator-field-phone-1_69f9f7a83394d-label\" class=\"forminator-label\">Telefonnummer<\/label><input type=\"text\" name=\"phone-1\" value=\"\" placeholder=\"z. B. +49 3004005000\" id=\"forminator-field-phone-1_69f9f7a83394d\" class=\"forminator-input forminator-field--phone\" data-required=\"\" aria-required=\"false\" autocomplete=\"off\" \/><\/div><\/div><\/div><div class=\"forminator-row\"><div id=\"textarea-1\" class=\"forminator-field-textarea forminator-col forminator-col-12 \"><div class=\"forminator-field\"><label for=\"forminator-field-textarea-1_69f9f7a83394d\" id=\"forminator-field-textarea-1_69f9f7a83394d-label\" class=\"forminator-label\">Nachricht<\/label><textarea name=\"textarea-1\" placeholder=\"Schreiben Sie uns gerne, falls Sie Fragen haben.\" id=\"forminator-field-textarea-1_69f9f7a83394d\" class=\"forminator-textarea\" rows=\"6\" style=\"--forminator-textarea-min-height:140px;\" maxlength=\"180\" ><\/textarea><span id=\"forminator-field-textarea-1_69f9f7a83394d-description\" class=\"forminator-description\"><span data-limit=\"180\" data-type=\"characters\" data-editor=\"\">0 \/ 180<\/span><\/span><\/div><\/div><\/div><div class=\"forminator-row\" style=\"margin: 0;\"><div id=\"captcha-1\" class=\"forminator-field-captcha  forminator-col-12 \"><div class=\"forminator-captcha-left forminator-g-recaptcha recaptcha-invisible\" data-theme=\"light\" data-badge=\"bottomright\" data-sitekey=\"6LfWSKwqAAAAAN58L2ib8nS9OY5IecndkwEB6y1F\" data-size=\"invisible\"><\/div> <\/div><\/div><input type=\"hidden\" name=\"referer_url\" value=\"\" \/><div class=\"forminator-row forminator-row-last\"><div class=\"forminator-col\"><div class=\"forminator-field\"><button class=\"forminator-button forminator-button-submit\">Nachricht senden<\/button><\/div><\/div><\/div><input type=\"hidden\" id=\"forminator_nonce\" name=\"forminator_nonce\" value=\"a470c3de08\" \/><input type=\"hidden\" name=\"_wp_http_referer\" value=\"\/index.php\/wp-json\/wp\/v2\/pages\/461\" \/><input type=\"hidden\" name=\"form_id\" value=\"444\"><input type=\"hidden\" name=\"page_id\" value=\"461\"><input type=\"hidden\" name=\"form_type\" value=\"default\"><input type=\"hidden\" name=\"current_url\" value=\"https:\/\/aynrand.pro\/index.php\/fuer-objektivisten\/\"><input type=\"hidden\" name=\"render_id\" value=\"0\"><input type=\"hidden\" name=\"action\" value=\"forminator_submit_form_custom-forms\"><\/form><\/div>\n","protected":false},"excerpt":{"rendered":"<p>F\u00dcR OBJEKTIVISTEN F\u00dcR OBJEKTIVISTEN Ayn Rand ist in Deutschland bislang noch sehr wenig bekannt, Gelgenheiten zum Austausch sind rar ges\u00e4t. Daher ist es ein zentrales Ziel der Ayn Rand Gesellschaft eine lebendige, inspirierende und vernetzte objektivistische Gemeinschaft in Deutschland aufzubauen. Wir m\u00f6chten Euch einladen hierbei mitzuhelfen &#8211; und zwar ganz gleich ob ihr Euch schon&hellip;&nbsp;<a href=\"https:\/\/aynrand.pro\/index.php\/fuer-objektivisten\/\" class=\"\" rel=\"bookmark\">Weiterlesen &raquo;<span class=\"screen-reader-text\">F\u00dcR OBJEKTIVISTEN<\/span><\/a><\/p>\n","protected":false},"author":1,"featured_media":0,"parent":0,"menu_order":0,"comment_status":"closed","ping_status":"closed","template":"","meta":{"_coblocks_attr":"","_coblocks_dimensions":"","_coblocks_responsive_height":"","_coblocks_accordion_ie_support":"","_eb_attr":"","_uag_custom_page_level_css":"","advgb_blocks_editor_width":"","advgb_blocks_columns_visual_guide":"","neve_meta_sidebar":"","neve_meta_container":"","neve_meta_enable_content_width":"","neve_meta_content_width":0,"neve_meta_title_alignment":"","neve_meta_author_avatar":"","neve_post_elements_order":"","neve_meta_disable_header":"off","neve_meta_disable_footer":"","neve_meta_disable_title":"on","footnotes":""},"class_list":["post-461","page","type-page","status-publish","hentry"],"aioseo_notices":[],"featured_image_src":null,"uagb_featured_image_src":{"full":false,"thumbnail":false,"medium":false,"medium_large":false,"large":false,"1536x1536":false,"2048x2048":false,"neve-blog":false},"uagb_author_info":{"display_name":"admin","author_link":"https:\/\/aynrand.pro\/index.php\/author\/admin\/"},"uagb_comment_info":0,"uagb_excerpt":"F\u00dcR OBJEKTIVISTEN F\u00dcR OBJEKTIVISTEN Ayn Rand ist in Deutschland bislang noch sehr wenig bekannt, Gelgenheiten zum Austausch sind rar ges\u00e4t. Daher ist es ein zentrales Ziel der Ayn Rand Gesellschaft eine lebendige, inspirierende und vernetzte objektivistische Gemeinschaft in Deutschland aufzubauen. Wir m\u00f6chten Euch einladen hierbei mitzuhelfen &#8211; und zwar ganz gleich ob ihr Euch schon&hellip;&nbsp;Weiterlesen&hellip;","coauthors":[],"author_meta":{"author_link":"https:\/\/aynrand.pro\/index.php\/author\/admin\/","display_name":"admin"},"relative_dates":{"created":"Ver\u00f6ffentlicht 3\u00a0Jahren vor","modified":"Aktualisiert 2\u00a0Jahren vor"},"absolute_dates":{"created":"Ver\u00f6ffentlicht am 10. September 2023","modified":"Aktualisiert am 3. September 2024"},"absolute_dates_time":{"created":"Ver\u00f6ffentlicht am 10. September 2023 21:51","modified":"Aktualisiert am 3. September 2024 20:31"},"featured_img_caption":"","featured_img":false,"series_order":"","_links":{"self":[{"href":"https:\/\/aynrand.pro\/index.php\/wp-json\/wp\/v2\/pages\/461","targetHints":{"allow":["GET"]}}],"collection":[{"href":"https:\/\/aynrand.pro\/index.php\/wp-json\/wp\/v2\/pages"}],"about":[{"href":"https:\/\/aynrand.pro\/index.php\/wp-json\/wp\/v2\/types\/page"}],"author":[{"embeddable":true,"href":"https:\/\/aynrand.pro\/index.php\/wp-json\/wp\/v2\/users\/1"}],"replies":[{"embeddable":true,"href":"https:\/\/aynrand.pro\/index.php\/wp-json\/wp\/v2\/comments?post=461"}],"version-history":[{"count":15,"href":"https:\/\/aynrand.pro\/index.php\/wp-json\/wp\/v2\/pages\/461\/revisions"}],"predecessor-version":[{"id":515,"href":"https:\/\/aynrand.pro\/index.php\/wp-json\/wp\/v2\/pages\/461\/revisions\/515"}],"wp:attachment":[{"href":"https:\/\/aynrand.pro\/index.php\/wp-json\/wp\/v2\/media?parent=461"}],"curies":[{"name":"wp","href":"https:\/\/api.w.org\/{rel}","templated":true}]}}